{"id":958,"date":"2013-04-24T18:42:01","date_gmt":"2013-04-24T10:42:01","guid":{"rendered":"https:\/\/chancellery.utm.my\/casis\/?page_id=958"},"modified":"2014-04-20T19:40:40","modified_gmt":"2014-04-20T11:40:40","slug":"laporan-pengajian-ilmiyyah-islam-dalam-sejarah-dan-kebudayaan-melayu-kajian-manuskrip-jawi","status":"publish","type":"page","link":"https:\/\/chancellery.utm.my\/casis\/i-workshops\/laporan-pengajian-ilmiyyah-islam-dalam-sejarah-dan-kebudayaan-melayu-kajian-manuskrip-jawi\/","title":{"rendered":"Pengajian \u2018Ilmiyyah &#8211; Isl\u0101m Dalam Sejarah Dan Kebudayaan Melayu: Kajian Manuskrip J\u0101w\u012b"},"content":{"rendered":"<p style=\"text-align: center\"><a rel=\"attachment wp-att-963\" href=\"https:\/\/chancellery.utm.my\/casis\/events\/kajian-manuskrip-jawi\/laporan-pengajian-%e2%80%98ilmiyyah-islam-dalam-sejarah-dan-kebudayaan-melayu-kajian-manuskrip-jawi\/528170_614449745249087_1544828612_n\/\"><img loading=\"lazy\" decoding=\"async\" class=\"aligncenter size-full wp-image-963\" src=\"https:\/\/chancellery.utm.my\/wp-content\/uploads\/sites\/14\/2013\/04\/528170_614449745249087_1544828612_n.jpg\" alt=\"\" width=\"448\" height=\"672\" srcset=\"https:\/\/chancellery.utm.my\/casis\/wp-content\/uploads\/sites\/14\/2013\/04\/528170_614449745249087_1544828612_n.jpg 640w, https:\/\/chancellery.utm.my\/casis\/wp-content\/uploads\/sites\/14\/2013\/04\/528170_614449745249087_1544828612_n-200x300.jpg 200w\" sizes=\"(max-width: 448px) 100vw, 448px\" \/><\/a><\/p>\n<p style=\"text-align: left\">Siri pertama <em>Pengajian \u2018Ilmiyyah &#8211; Isl\u0101m dalam Sejarah dan Kebudayaan Melayu: Kajian Manuskrip J\u0101w\u012b<\/em> telah sempurna dilaksanakan pada 19-21 April 2013. Setelah hampir dua bulan panitia jawatankuasa bertungkus lumus merancang dan merencana program \u2013 al-\u1e24amdu li-All\u0101h &#8211; <em>Pengajian Ilmiyyah<\/em> ini mendapat sambutan yang memberansangkan.<\/p>\n<p><img decoding=\"async\" class=\"aligncenter size-full wp-image-967\" src=\"https:\/\/chancellery.utm.my\/wp-content\/uploads\/sites\/14\/2013\/04\/936167_614449758582419_1465871442_n.jpg\" alt=\"\" width=\"100%\" srcset=\"https:\/\/chancellery.utm.my\/casis\/wp-content\/uploads\/sites\/14\/2013\/04\/936167_614449758582419_1465871442_n.jpg 960w, https:\/\/chancellery.utm.my\/casis\/wp-content\/uploads\/sites\/14\/2013\/04\/936167_614449758582419_1465871442_n-300x200.jpg 300w\" sizes=\"(max-width: 960px) 100vw, 960px\" \/><\/p>\n<p>\n<em>Pengajian \u2018Ilmiyyah<\/em> ini dianjurkan oleh Klasika Media dengan kerjasama Perbadanan Kota Buku dan Pusat Perkembangan Pengajian Islam, Sains dan Peradaban (CASIS) UTM. Sekurang-kurangnya 100 orang peserta datang menyertai termasuklah dari Kementerian Hal Ehwal Ugama, Brunei; pensharah Bahasa Melayu dari Singapura, pelajar Indonesia di Malaysia, wakil dari beberapa agensi kerajaan seperti Kota Buku, Perpustakaan Negara Malaysia, Dewan Bahasa dan Pustaka, perpustakaan negeri, pelajar peringkat sarjana dan kedoktoran; pensharah dan penggiat khat tanah air.\n<\/p>\n<p><img loading=\"lazy\" decoding=\"async\" class=\"alignleft size-medium wp-image-961\" src=\"https:\/\/chancellery.utm.my\/wp-content\/uploads\/sites\/14\/2013\/04\/399785_612671865426875_2059643846_n-300x225.jpg\" alt=\"\" width=\"300\" height=\"225\" srcset=\"https:\/\/chancellery.utm.my\/casis\/wp-content\/uploads\/sites\/14\/2013\/04\/399785_612671865426875_2059643846_n-300x225.jpg 300w, https:\/\/chancellery.utm.my\/casis\/wp-content\/uploads\/sites\/14\/2013\/04\/399785_612671865426875_2059643846_n.jpg 960w\" sizes=\"(max-width: 300px) 100vw, 300px\" \/><\/p>\n<p>Program bermula pada Jumaat dengan acara perasmian oleh Prof. Emeritus Abdullah Hassan selaku Ahli Lembaga Pengarah Kota Buku. Acara perasmian turut dihadiri oleh Prof. Dr. Wan Mohd Noor Wan Daud (Pengarah CASIS), En. Razin Abd Rahman (Pengurus Kanan, Kota Buku) dan Puan Norhayati Razali (Pengurus, Jabatan Pembangunan Industri Buku).<\/p>\n<div><span style=\"font-size: small\"><span style=\"line-height: 24px\"><br \/>\n<\/span><\/span><\/p>\n<p>\nSejurus selepas majlis perasmian, Prof. Dr. Muhammad Zainiy Uthman membentangkan sharahan pertama dengan tajuk <em>Pandangan \u2018\u0100lam Isl\u0101m<\/em>. Beliau menekankan tentang pentingnya membetulkan pandangan \u2018al\u0101m Isl\u0101m yang merujuk kepada gambaran akal budi insan tentang \u2018al\u0101m tabi\u2018\u012b yang terhasil dari renungan falsafah dan \u2018ilmiyyah.<br \/>\n<img loading=\"lazy\" decoding=\"async\" class=\"size-medium wp-image-964 alignleft\" src=\"https:\/\/chancellery.utm.my\/wp-content\/uploads\/sites\/14\/2013\/04\/528255_614450275249034_1593117150_n-200x300.jpg\" alt=\"\" width=\"200\" height=\"300\" srcset=\"https:\/\/chancellery.utm.my\/casis\/wp-content\/uploads\/sites\/14\/2013\/04\/528255_614450275249034_1593117150_n-200x300.jpg 200w, https:\/\/chancellery.utm.my\/casis\/wp-content\/uploads\/sites\/14\/2013\/04\/528255_614450275249034_1593117150_n.jpg 640w\" sizes=\"(max-width: 200px) 100vw, 200px\" \/>\n<\/p>\n<p>\nSharahan kedua selepas solat Jumaat disampaikan oleh Dr. Arba\u2018iyah Mohd Noor, pensharah dari Fakulti Sastera dan Sains Sosial, Universiti Malaya. Sharahan beliau bertajuk <em>Menelusuri Manuskrip J\u0101w\u012b<\/em> yang membicarakan tentang manuskrip \u2018al\u0101m Melayu sebagai warisan bangsa yang perlu dipertahankan.\n<\/p>\n<p>\nPada hari kedua, Prof. Madya Dr. Tatiana Denisova dari Jabatan Sejarah dan Tamadun Isl\u0101m, Akademi Pengajian Isl\u0101m, Universiti Malaya menyampaikan sharahan bertajuk <em>Historiografi \u2018Al\u0101m Melayu<\/em>. Beliau membawa peserta mengenali manuskrip yang terdapat di \u2018al\u0101m Melayu serta sumber-sumber persuratan Isl\u0101m yang boleh dijadikan bahan kajian.\n<\/p>\n<p><img decoding=\"async\" class=\"aligncenter size-full wp-image-962\" src=\"https:\/\/chancellery.utm.my\/wp-content\/uploads\/sites\/14\/2013\/04\/407051_614450045249057_823103897_n.jpg\" alt=\"\" width=\"100%\" srcset=\"https:\/\/chancellery.utm.my\/casis\/wp-content\/uploads\/sites\/14\/2013\/04\/407051_614450045249057_823103897_n.jpg 960w, https:\/\/chancellery.utm.my\/casis\/wp-content\/uploads\/sites\/14\/2013\/04\/407051_614450045249057_823103897_n-300x200.jpg 300w\" sizes=\"(max-width: 960px) 100vw, 960px\" \/><\/div>\n<div><span style=\"font-size: small\"><span style=\"line-height: 24px\"><span style=\"text-decoration: underline\"><br \/>\n<\/span><\/span><\/span><\/p>\n<p>\nSharahan keempat pada sebelah petangnya disampaikan oleh Dr. Mohd Farid Mohd Shahran yang \u00a0merupakan Felo di Institut Kefahaman Isl\u0101m Malaysia (IKIM). Sharahan beliau bertajuk <em>Kemahiran dan Kefasihan J\u0101w\u012b<\/em> memperkenalkan kepada peserta akan sejarah ringkas peralihan tulisan J\u0101w\u012b ke R\u016bm\u012b yang merupakan sebahagian dari proses sekularisasi dan pembaratan \u2018ilmu. Beliau juga menunjuk ajar secara ringkas proses transliterasi menggunakan piawaian ejaan yang digunakan oleh American Library Association-Library of Congress (ALA-LC).<br \/>\n<img loading=\"lazy\" decoding=\"async\" class=\"aligncenter size-medium wp-image-965\" src=\"https:\/\/chancellery.utm.my\/wp-content\/uploads\/sites\/14\/2013\/04\/540691_614449961915732_1442166071_n-300x200.jpg\" alt=\"\" width=\"300\" height=\"200\" srcset=\"https:\/\/chancellery.utm.my\/casis\/wp-content\/uploads\/sites\/14\/2013\/04\/540691_614449961915732_1442166071_n-300x200.jpg 300w, https:\/\/chancellery.utm.my\/casis\/wp-content\/uploads\/sites\/14\/2013\/04\/540691_614449961915732_1442166071_n.jpg 960w\" sizes=\"(max-width: 300px) 100vw, 300px\" \/>\n<\/p>\n<p>\nSharahan terakhir pada hari Sabtu disampaikan oleh Dr. Syamsuddin Arif yang merupakan Profesor Madya di CASIS. Sharahan beliau berjudul <em>Khat dan Naskhah J\u0101w\u012b<\/em> memperkenalkan kepada peserta jenis-jenis khat dan cara membaca tulisan J\u0101w\u012b yang pelbagai. Dalam masa yang sama, peserta juga diuji membaca tulisan J\u0101w\u012b dalam pelbagai bahasa Polynesia seperti bahasa Jawa, Acheh, Melayu, Minang, Bugis, Sunda. Beliau juga memberi tugasan kepada peserta untuk menulis kembali dalam tulisan R\u016bm\u012b, naskhah manuskrip yang terdapat di dalam lampiran sharahan.<img loading=\"lazy\" decoding=\"async\" class=\"alignright size-medium wp-image-960\" src=\"https:\/\/chancellery.utm.my\/wp-content\/uploads\/sites\/14\/2013\/04\/164248_614449738582421_1715759223_n-300x200.jpg\" alt=\"\" width=\"300\" height=\"200\" srcset=\"https:\/\/chancellery.utm.my\/casis\/wp-content\/uploads\/sites\/14\/2013\/04\/164248_614449738582421_1715759223_n-300x200.jpg 300w, https:\/\/chancellery.utm.my\/casis\/wp-content\/uploads\/sites\/14\/2013\/04\/164248_614449738582421_1715759223_n.jpg 960w\" sizes=\"(max-width: 300px) 100vw, 300px\" \/>\n<\/p>\n<p>\nSiri pengajian ilmiah ini berakhir jam 12 tengahari dengan satu majlis penutup ringkas yang disempurnakan oleh Pengarah Urusan Klasika Media, Muhammad Syukri Rosli. Beliau turut memaklumkan tentang projek transliterasi yang sedang dijalankan oleh Klasika Media dan mengalu-alukan peserta mendaftar sebagai transliterator untuk sama-sama terlibat dalam projek transliterasi ini.\n<\/p>\n<p>\n<img loading=\"lazy\" decoding=\"async\" class=\"alignleft size-medium wp-image-966\" src=\"https:\/\/chancellery.utm.my\/wp-content\/uploads\/sites\/14\/2013\/04\/603687_614450285249033_2015261674_n-300x200.jpg\" alt=\"\" width=\"300\" height=\"200\" srcset=\"https:\/\/chancellery.utm.my\/casis\/wp-content\/uploads\/sites\/14\/2013\/04\/603687_614450285249033_2015261674_n-300x200.jpg 300w, https:\/\/chancellery.utm.my\/casis\/wp-content\/uploads\/sites\/14\/2013\/04\/603687_614450285249033_2015261674_n.jpg 960w\" sizes=\"(max-width: 300px) 100vw, 300px\" \/>Pendaftaran untuk bengkel transliterasi yang akan diadakan dalam masa terdekat ini dibuka kepada peserta yang mengikuti siri pertama <em>Pengajian \u2018Ilmiyyah<\/em>. Semoga siri ini dapat membantu peserta mengenali dan memberi pendedahan awal terhadap manuskrip dan proses transliterasi yang akan mereka sertai nanti.\n<\/p>\n<p>&nbsp;<\/p>\n<\/div>\n","protected":false},"excerpt":{"rendered":"<p>Siri pertama Pengajian \u2018Ilmiyyah &#8211; Isl\u0101m dalam Sejarah dan Kebudayaan Melayu: Kajian Manuskrip J\u0101w\u012b telah sempurna dilaksanakan pada 19-21 April 2013. Setelah hampir dua bulan panitia jawatankuasa bertungkus lumus merancang dan merencana program \u2013 al-\u1e24amdu li-All\u0101h &#8211; Pengajian Ilmiyyah ini mendapat sambutan yang memberansangkan. Pengajian \u2018Ilmiyyah ini dianjurkan oleh Klasika Media dengan kerjasama Perbadanan Kota [&hellip;]<\/p>\n","protected":false},"author":10796,"featured_media":0,"parent":2334,"menu_order":0,"comment_status":"closed","ping_status":"closed","template":"","meta":{"_et_pb_use_builder":"","_et_pb_old_content":"","_et_gb_content_width":"","footnotes":""},"class_list":["post-958","page","type-page","status-publish","hentry"],"_links":{"self":[{"href":"https:\/\/chancellery.utm.my\/casis\/wp-json\/wp\/v2\/pages\/958","targetHints":{"allow":["GET"]}}],"collection":[{"href":"https:\/\/chancellery.utm.my\/casis\/wp-json\/wp\/v2\/pages"}],"about":[{"href":"https:\/\/chancellery.utm.my\/casis\/wp-json\/wp\/v2\/types\/page"}],"author":[{"embeddable":true,"href":"https:\/\/chancellery.utm.my\/casis\/wp-json\/wp\/v2\/users\/10796"}],"replies":[{"embeddable":true,"href":"https:\/\/chancellery.utm.my\/casis\/wp-json\/wp\/v2\/comments?post=958"}],"version-history":[{"count":0,"href":"https:\/\/chancellery.utm.my\/casis\/wp-json\/wp\/v2\/pages\/958\/revisions"}],"up":[{"embeddable":true,"href":"https:\/\/chancellery.utm.my\/casis\/wp-json\/wp\/v2\/pages\/2334"}],"wp:attachment":[{"href":"https:\/\/chancellery.utm.my\/casis\/wp-json\/wp\/v2\/media?parent=958"}],"curies":[{"name":"wp","href":"https:\/\/api.w.org\/{rel}","templated":true}]}}